{"id":5,"date":"2021-06-08T08:21:54","date_gmt":"2021-06-08T08:21:54","guid":{"rendered":"http:\/\/610-filmfestival.eu\/willkommen-auf-http-610-filmfestival-eu\/"},"modified":"2022-11-12T12:09:54","modified_gmt":"2022-11-12T11:09:54","slug":"willkommen-auf-http-610-filmfestival-eu-2","status":"publish","type":"page","link":"https:\/\/610-filmfestival.eu\/pl\/","title":{"rendered":"Aktualno\u015bci"},"content":{"rendered":"<p>Festiwal 2022 odb\u0119dzie si\u0119 w dniach 24-29 listopada 2022 w Berlinie i Warszawie.<\/p>\n<p>Wkr\u00f3tce wi\u0119cej.<\/p>\n<p><span style=\"color: #000000;\"><span lang=\"pl-PL\">Projekt obj\u0119ty jest patronatem Miasta Sto\u0142ecznego Warszawy i realizowany przy wsparciu Fundacji Wsp\u00f3\u0142pracy Polsko-Niemieckiej oraz Kancelarii Senatu w Berlinie.<\/span><\/span><\/p>\n<p><span style=\"color: #000000;\"><span lang=\"pl-PL\">https:\/\/610-filmfestival.eu<\/span><\/span><\/p>\n<p><a href=\"https:\/\/bit.ly\/Festiwal-Filmowy-610-Berlin-Warszawa\"><span style=\"color: #000000;\"><span lang=\"pl-PL\">https:\/\/bit.ly\/Festiwal-Filmowy-610-Berlin-Warszawa<\/span><\/span><\/a><\/p>\n<p><img loading=\"lazy\" decoding=\"async\" class=\"alignnone size-medium wp-image-205\" src=\"http:\/\/610-filmfestival.eu\/wp-content\/uploads\/2021\/08\/FWPN_rgb-300x151.png\" alt=\"\" width=\"300\" height=\"151\" srcset=\"https:\/\/610-filmfestival.eu\/wp-content\/uploads\/2021\/08\/FWPN_rgb-300x151.png 300w, https:\/\/610-filmfestival.eu\/wp-content\/uploads\/2021\/08\/FWPN_rgb-1024x515.png 1024w, https:\/\/610-filmfestival.eu\/wp-content\/uploads\/2021\/08\/FWPN_rgb-768x386.png 768w, https:\/\/610-filmfestival.eu\/wp-content\/uploads\/2021\/08\/FWPN_rgb-1536x772.png 1536w, https:\/\/610-filmfestival.eu\/wp-content\/uploads\/2021\/08\/FWPN_rgb-2048x1030.png 2048w\" sizes=\"auto, (max-width: 300px) 100vw, 300px\" \/><img loading=\"lazy\" decoding=\"async\" class=\"alignnone size-medium wp-image-206\" src=\"http:\/\/610-filmfestival.eu\/wp-content\/uploads\/2021\/08\/logo_berlin_m_srgb-300x100.png\" alt=\"\" width=\"300\" height=\"100\" srcset=\"https:\/\/610-filmfestival.eu\/wp-content\/uploads\/2021\/08\/logo_berlin_m_srgb-300x100.png 300w, https:\/\/610-filmfestival.eu\/wp-content\/uploads\/2021\/08\/logo_berlin_m_srgb-768x256.png 768w, https:\/\/610-filmfestival.eu\/wp-content\/uploads\/2021\/08\/logo_berlin_m_srgb.png 850w\" sizes=\"auto, (max-width: 300px) 100vw, 300px\" \/><\/p>","protected":false},"excerpt":{"rendered":"<p>Festiwal 2022 odb\u0119dzie si\u0119 w dniach 24-29 listopada 2022 w Berlinie i Warszawie. Wkr\u00f3tce wi\u0119cej. Projekt obj\u0119ty jest patronatem Miasta Sto\u0142ecznego Warszawy i realizowany przy wsparciu Fundacji Wsp\u00f3\u0142pracy Polsko-Niemieckiej oraz Kancelarii Senatu w Berlinie. https:\/\/610-filmfestival.eu https:\/\/bit.ly\/Festiwal-Filmowy-610-Berlin-Warszawa<\/p>\n","protected":false},"author":1,"featured_media":0,"parent":0,"menu_order":0,"comment_status":"closed","ping_status":"open","template":"","meta":{"footnotes":""},"class_list":["post-5","page","type-page","status-publish","hentry"],"_links":{"self":[{"href":"https:\/\/610-filmfestival.eu\/pl\/wp-json\/wp\/v2\/pages\/5","targetHints":{"allow":["GET"]}}],"collection":[{"href":"https:\/\/610-filmfestival.eu\/pl\/wp-json\/wp\/v2\/pages"}],"about":[{"href":"https:\/\/610-filmfestival.eu\/pl\/wp-json\/wp\/v2\/types\/page"}],"author":[{"embeddable":true,"href":"https:\/\/610-filmfestival.eu\/pl\/wp-json\/wp\/v2\/users\/1"}],"replies":[{"embeddable":true,"href":"https:\/\/610-filmfestival.eu\/pl\/wp-json\/wp\/v2\/comments?post=5"}],"version-history":[{"count":13,"href":"https:\/\/610-filmfestival.eu\/pl\/wp-json\/wp\/v2\/pages\/5\/revisions"}],"predecessor-version":[{"id":245,"href":"https:\/\/610-filmfestival.eu\/pl\/wp-json\/wp\/v2\/pages\/5\/revisions\/245"}],"wp:attachment":[{"href":"https:\/\/610-filmfestival.eu\/pl\/wp-json\/wp\/v2\/media?parent=5"}],"curies":[{"name":"wp","href":"https:\/\/api.w.org\/{rel}","templated":true}]}}