{"id":22,"date":"2021-06-08T15:23:58","date_gmt":"2021-06-08T15:23:58","guid":{"rendered":"http:\/\/610-filmfestival.eu\/?page_id=22"},"modified":"2021-08-09T13:48:00","modified_gmt":"2021-08-09T13:48:00","slug":"das-festival","status":"publish","type":"page","link":"https:\/\/610-filmfestival.eu\/pl\/das-festival\/","title":{"rendered":"Festiwal"},"content":{"rendered":"<p>610 kilometr\u00f3w to odleg\u0142o\u015b\u0107 dziel\u0105ca Berlin od Warszawy. 610 Berlin-Warszawa to festiwal filmowy m\u0142odego kina niemieckiego, kt\u00f3re jednocze\u015bnie jest zaproszeniem do mi\u0119dzykulturowego dialogu obu stolic. Ale w globalnej kulturze \u2013 mo\u017ce to by\u0107 odleg\u0142o\u015b\u0107 s\u0105siaduj\u0105cych ze sob\u0105 dzielnic. 610 Berlin-Warszawa chce rozmawia\u0107 po s\u0105siedzku i budowa\u0107 \u017cyw\u0105 platform\u0119 wymiany nie tylko d\u00f3br filmowych, ale i my\u015bli, opinii, emocji. Dlatego te\u017c 610 Berlin-Warszawa jest nie tylko w kinach ale r\u00f3wnie\u017c w przestrzeni publicznej.<br \/>\nPierwsza edycja 610 Festiwalu Berlin-Warszawa odb\u0119dzie si\u0119 w dniach 26 sierpnia &#8211; 01 wrze\u015bnia 2021 roku.<\/p>","protected":false},"excerpt":{"rendered":"<p>610 kilometr\u00f3w to odleg\u0142o\u015b\u0107 dziel\u0105ca Berlin od Warszawy. 610 Berlin-Warszawa to festiwal filmowy m\u0142odego kina niemieckiego, kt\u00f3re jednocze\u015bnie jest zaproszeniem do mi\u0119dzykulturowego dialogu obu stolic. Ale w globalnej kulturze \u2013 mo\u017ce to by\u0107 odleg\u0142o\u015b\u0107 s\u0105siaduj\u0105cych ze sob\u0105 dzielnic. 610 Berlin-Warszawa chce rozmawia\u0107 po s\u0105siedzku i budowa\u0107 \u017cyw\u0105 platform\u0119 wymiany nie tylko d\u00f3br filmowych, ale i &hellip; <\/p>\n<p class=\"link-more\"><a href=\"https:\/\/610-filmfestival.eu\/pl\/das-festival\/\" class=\"more-link\">Czytaj dalej<span class=\"screen-reader-text\"> \u201eFestiwal\u201d<\/span><\/a><\/p>\n","protected":false},"author":1,"featured_media":0,"parent":0,"menu_order":0,"comment_status":"closed","ping_status":"closed","template":"","meta":{"footnotes":""},"class_list":["post-22","page","type-page","status-publish","hentry"],"_links":{"self":[{"href":"https:\/\/610-filmfestival.eu\/pl\/wp-json\/wp\/v2\/pages\/22","targetHints":{"allow":["GET"]}}],"collection":[{"href":"https:\/\/610-filmfestival.eu\/pl\/wp-json\/wp\/v2\/pages"}],"about":[{"href":"https:\/\/610-filmfestival.eu\/pl\/wp-json\/wp\/v2\/types\/page"}],"author":[{"embeddable":true,"href":"https:\/\/610-filmfestival.eu\/pl\/wp-json\/wp\/v2\/users\/1"}],"replies":[{"embeddable":true,"href":"https:\/\/610-filmfestival.eu\/pl\/wp-json\/wp\/v2\/comments?post=22"}],"version-history":[{"count":4,"href":"https:\/\/610-filmfestival.eu\/pl\/wp-json\/wp\/v2\/pages\/22\/revisions"}],"predecessor-version":[{"id":251,"href":"https:\/\/610-filmfestival.eu\/pl\/wp-json\/wp\/v2\/pages\/22\/revisions\/251"}],"wp:attachment":[{"href":"https:\/\/610-filmfestival.eu\/pl\/wp-json\/wp\/v2\/media?parent=22"}],"curies":[{"name":"wp","href":"https:\/\/api.w.org\/{rel}","templated":true}]}}