{"id":210,"date":"2022-01-29T09:54:20","date_gmt":"2022-01-29T09:54:20","guid":{"rendered":"https:\/\/610-filmfestival.eu\/?page_id=210"},"modified":"2024-06-25T11:46:42","modified_gmt":"2024-06-25T09:46:42","slug":"archiv","status":"publish","type":"page","link":"https:\/\/610-filmfestival.eu\/pl\/archiv\/","title":{"rendered":"Archiwum"},"content":{"rendered":"<p>610 \u2013 PROGRAM 2021<\/p>\n\n\n\n<h4 class=\"wp-block-heading\">Kinoteka:<\/h4>\n\n\n\n<p>http:\/\/kinoteka.pl<\/p>\n\n\n\n<p>25.08. &#8211; 20:30<br><a href=\"https:\/\/610-filmfestival.eu\/notes-of-berlin\/\"><strong>Notes of Berlin<\/strong><\/a><br>R: Marjejosephin Schneider<\/p>\n\n\n\n<figure class=\"wp-block-embed is-type-video is-provider-youtube wp-block-embed-youtube wp-embed-aspect-16-9 wp-has-aspect-ratio\"><div class=\"wp-block-embed__wrapper\">\n<iframe loading=\"lazy\" title=\"Notes of Berlin | Trailer (with English subtitles) \u1d34\u1d30 | Darling Berlin\" width=\"525\" height=\"295\" src=\"https:\/\/www.youtube.com\/embed\/HOn_TsUQEGE?feature=oembed\" frameborder=\"0\" allow=\"accelerometer; autoplay; clipboard-write; encrypted-media; gyroscope; picture-in-picture; web-share\" referrerpolicy=\"strict-origin-when-cross-origin\" allowfullscreen><\/iframe>\n<\/div><\/figure>\n\n\n\n<p>26.08. &#8211; 20:30<br><a href=\"https:\/\/610-filmfestival.eu\/nackte-tiere\/\"><strong>Nackte Tiere<\/strong><\/a><br>R: Melanie Welde<\/p>\n\n\n\n<figure class=\"wp-block-embed is-type-video is-provider-youtube wp-block-embed-youtube wp-embed-aspect-16-9 wp-has-aspect-ratio\"><div class=\"wp-block-embed__wrapper\">\n<iframe loading=\"lazy\" title=\"NACKTE TIERE Trailer German Deutsch (2020)\" width=\"525\" height=\"295\" src=\"https:\/\/www.youtube.com\/embed\/QcgxkYRA0_w?feature=oembed\" frameborder=\"0\" allow=\"accelerometer; autoplay; clipboard-write; encrypted-media; gyroscope; picture-in-picture; web-share\" referrerpolicy=\"strict-origin-when-cross-origin\" allowfullscreen><\/iframe>\n<\/div><\/figure>\n\n\n\n<p>27.08. &#8211; 20:30<br><a href=\"https:\/\/610-filmfestival.eu\/giraffe\/\"><strong>Giraffe<\/strong><\/a><br>R: Anna Sofie Hartmann<\/p>\n\n\n\n<figure class=\"wp-block-embed is-type-video is-provider-youtube wp-block-embed-youtube wp-embed-aspect-16-9 wp-has-aspect-ratio\"><div class=\"wp-block-embed__wrapper\">\n<iframe loading=\"lazy\" title=\"Giraffe (offizieller Trailer) mit Lisa Loven Kongsli\" width=\"525\" height=\"295\" src=\"https:\/\/www.youtube.com\/embed\/OK2tKn7k2Hw?start=8&#038;feature=oembed\" frameborder=\"0\" allow=\"accelerometer; autoplay; clipboard-write; encrypted-media; gyroscope; picture-in-picture; web-share\" referrerpolicy=\"strict-origin-when-cross-origin\" allowfullscreen><\/iframe>\n<\/div><\/figure>\n\n\n\n<p>28.08. &#8211; 20:30<br><a href=\"https:\/\/610-filmfestival.eu\/sunburned\/\"><strong>Sunburned<\/strong><\/a><br>R: Carolina Hallsgard<\/p>\n\n\n\n<figure class=\"wp-block-embed is-type-video is-provider-youtube wp-block-embed-youtube wp-embed-aspect-16-9 wp-has-aspect-ratio\"><div class=\"wp-block-embed__wrapper\">\n<iframe loading=\"lazy\" title=\"SUNBURNED | Trailer deutsch german [HD]\" width=\"525\" height=\"295\" src=\"https:\/\/www.youtube.com\/embed\/bO51XtS3NpE?feature=oembed\" frameborder=\"0\" allow=\"accelerometer; autoplay; clipboard-write; encrypted-media; gyroscope; picture-in-picture; web-share\" referrerpolicy=\"strict-origin-when-cross-origin\" allowfullscreen><\/iframe>\n<\/div><\/figure>\n\n\n\n<h4 class=\"wp-block-heading\">CKF:<\/h4>\n\n\n\n<p><a href=\"https:\/\/ckf.waw.pl\/\">https:\/\/ckf.waw.pl\/<\/a><\/p>\n\n\n\n<p>29.08. &#8211; 20:30<br><a href=\"https:\/\/610-filmfestival.eu\/kokon\/\"><strong>Kokon<\/strong><\/a><br>R: Leoni Kripendorf<\/p>\n\n\n\n<figure class=\"wp-block-embed is-type-video is-provider-youtube wp-block-embed-youtube wp-embed-aspect-16-9 wp-has-aspect-ratio\"><div class=\"wp-block-embed__wrapper\">\n<iframe loading=\"lazy\" title=\"Kokon Trailer Deutsch | German [HD]\" width=\"525\" height=\"295\" src=\"https:\/\/www.youtube.com\/embed\/31_ZH8_4nVs?feature=oembed\" frameborder=\"0\" allow=\"accelerometer; autoplay; clipboard-write; encrypted-media; gyroscope; picture-in-picture; web-share\" referrerpolicy=\"strict-origin-when-cross-origin\" allowfullscreen><\/iframe>\n<\/div><\/figure>\n\n\n\n<p>30.08. &#8211; 20:30<br><a href=\"https:\/\/610-filmfestival.eu\/futur-drei\/\"><strong>Futur 3<\/strong><\/a><br>R: Franz Shariat<\/p>\n\n\n\n<figure class=\"wp-block-embed is-type-video is-provider-youtube wp-block-embed-youtube wp-embed-aspect-16-9 wp-has-aspect-ratio\"><div class=\"wp-block-embed__wrapper\">\n<iframe loading=\"lazy\" title=\"Futur Drei Trailer Deutsch | German [HD]\" width=\"525\" height=\"295\" src=\"https:\/\/www.youtube.com\/embed\/DitVsuZ66fQ?start=5&#038;feature=oembed\" frameborder=\"0\" allow=\"accelerometer; autoplay; clipboard-write; encrypted-media; gyroscope; picture-in-picture; web-share\" referrerpolicy=\"strict-origin-when-cross-origin\" allowfullscreen><\/iframe>\n<\/div><\/figure>\n\n\n\n<p>01.09. &#8211; 20:30<br><a href=\"https:\/\/610-filmfestival.eu\/liebe-kurzfilmprogramm\/\"><strong>3. German Love \u2013 Kurzfilmprogramm<\/strong><\/a><\/p>\n\n\n\n<p>Hot Dog<br>R: Marleen Mayr, Alma Buddecke<\/p>\n\n\n\n<p>Flamingo Pride<br>R: Tomer Eshed<\/p>\n\n\n\n<p>Was Bleibt \/ What remains<br>R: Chiara Fleischhacker<\/p>\n\n\n\n<p>Delay<br>R: Tomas Leach,<\/p>\n\n\n\n<p>Sexy Laundry<br>R:<br>Izabella Pluci\u0144ska<\/p>\n\n\n\n<p>Emma und die Wut\/Emma and the Fury<br>R: Elisa Mishto<\/p>\n\n\n\n<p>Kleptomami<br>R: Pola Beck<\/p>\n\n\n\n<p>12 Jahre\/12 Years<br>R: Daniel Nocke<\/p>\n\n\n\n<hr class=\"wp-block-separator\"\/>\n\n\n\n<p><strong>Instalacja \u015bwietlna: <\/strong>26.8. &#8211; 28.8.2021<\/p>\n\n\n\n<figure class=\"wp-block-gallery columns-4 is-cropped wp-block-gallery-3 is-layout-flex wp-block-gallery-is-layout-flex\"><ul class=\"blocks-gallery-grid\"><li class=\"blocks-gallery-item\"><figure><a href=\"https:\/\/610-filmfestival.eu\/wp-content\/uploads\/2021\/08\/Sylwek-2.jpg\" rel=\"lightbox[210]\"><img loading=\"lazy\" decoding=\"async\" width=\"178\" height=\"178\" src=\"https:\/\/610-filmfestival.eu\/wp-content\/uploads\/2021\/08\/Sylwek-2.jpg\" alt=\"\" data-id=\"87\" class=\"wp-image-87\" srcset=\"https:\/\/610-filmfestival.eu\/wp-content\/uploads\/2021\/08\/Sylwek-2.jpg 178w, https:\/\/610-filmfestival.eu\/wp-content\/uploads\/2021\/08\/Sylwek-2-150x150.jpg 150w, https:\/\/610-filmfestival.eu\/wp-content\/uploads\/2021\/08\/Sylwek-2-100x100.jpg 100w\" sizes=\"auto, (max-width: 178px) 100vw, 178px\" \/><\/a><\/figure><\/li><li class=\"blocks-gallery-item\"><figure><a href=\"https:\/\/610-filmfestival.eu\/wp-content\/uploads\/2021\/08\/Sylwek-4.jpg\" rel=\"lightbox[210]\"><img loading=\"lazy\" decoding=\"async\" width=\"178\" height=\"178\" src=\"https:\/\/610-filmfestival.eu\/wp-content\/uploads\/2021\/08\/Sylwek-4.jpg\" alt=\"\" data-id=\"88\" class=\"wp-image-88\" srcset=\"https:\/\/610-filmfestival.eu\/wp-content\/uploads\/2021\/08\/Sylwek-4.jpg 178w, https:\/\/610-filmfestival.eu\/wp-content\/uploads\/2021\/08\/Sylwek-4-150x150.jpg 150w, https:\/\/610-filmfestival.eu\/wp-content\/uploads\/2021\/08\/Sylwek-4-100x100.jpg 100w\" sizes=\"auto, (max-width: 178px) 100vw, 178px\" \/><\/a><\/figure><\/li><li class=\"blocks-gallery-item\"><figure><a href=\"https:\/\/610-filmfestival.eu\/wp-content\/uploads\/2021\/08\/Sylwek-3.jpg\" rel=\"lightbox[210]\"><img loading=\"lazy\" decoding=\"async\" width=\"178\" height=\"178\" src=\"https:\/\/610-filmfestival.eu\/wp-content\/uploads\/2021\/08\/Sylwek-3.jpg\" alt=\"\" data-id=\"89\" class=\"wp-image-89\" srcset=\"https:\/\/610-filmfestival.eu\/wp-content\/uploads\/2021\/08\/Sylwek-3.jpg 178w, https:\/\/610-filmfestival.eu\/wp-content\/uploads\/2021\/08\/Sylwek-3-150x150.jpg 150w, https:\/\/610-filmfestival.eu\/wp-content\/uploads\/2021\/08\/Sylwek-3-100x100.jpg 100w\" sizes=\"auto, (max-width: 178px) 100vw, 178px\" \/><\/a><\/figure><\/li><li class=\"blocks-gallery-item\"><figure><a href=\"https:\/\/610-filmfestival.eu\/wp-content\/uploads\/2021\/08\/Sylwek-1.jpg\" rel=\"lightbox[210]\"><img loading=\"lazy\" decoding=\"async\" width=\"178\" height=\"178\" src=\"https:\/\/610-filmfestival.eu\/wp-content\/uploads\/2021\/08\/Sylwek-1.jpg\" alt=\"\" data-id=\"86\" class=\"wp-image-86\" srcset=\"https:\/\/610-filmfestival.eu\/wp-content\/uploads\/2021\/08\/Sylwek-1.jpg 178w, https:\/\/610-filmfestival.eu\/wp-content\/uploads\/2021\/08\/Sylwek-1-150x150.jpg 150w, https:\/\/610-filmfestival.eu\/wp-content\/uploads\/2021\/08\/Sylwek-1-100x100.jpg 100w\" sizes=\"auto, (max-width: 178px) 100vw, 178px\" \/><\/a><\/figure><\/li><\/ul><\/figure>\n\n\n\n<p>Z okazji 30. rocznicy partnerstwa Berlina i Warszawy oraz zawarcia polsko-niemieckich Traktat\u00f3w z 1991 r. rusza w dniach 26.8.-1.9.2021 r. festiwal filmowy <strong>610 Berlin Warszawa.<\/strong> 610 Berlin Warszawa jest platform\u0105 przysz\u0142o\u015bci, kt\u00f3rej misj\u0105 jest po\u0142\u0105czenie obu miast nie tylko na ekranie, ale tak\u017ce w przestrzeni publicznej. Warszawskim pokazom m\u0142odego kina niemieckiego, kt\u00f3r\u0105 b\u0119dzie mo\u017cna zobaczy\u0107 w Kinotece i w Centrum Edukacyjnym Andrzeja Wajdy towarzyszy\u0107 b\u0119dzie <strong>instalacja \u015bwietlna<\/strong> zaprojektowana przez warszawskiego artyst\u0119 Sylwestra \u0141uczaka (). W oprawie muzycznej Micha\u0142a Jacaszka (http:\/\/jacaszek.com). Instalacja to cyfrowy pomost pomi\u0119dzy Berlinem i Warszaw\u0105 w przestrzeni publicznej obu stolic.<\/p>\n\n\n\n<p><strong>Od 26 sierpnia do<\/strong> <strong>28 sierpnia 2021 r.<\/strong> b\u0119dzie mo\u017cna j\u0105 ogl\u0105da\u0107 i s\u0142ucha\u0107<\/p>\n\n\n\n<p>w Berlinie w Zionskirche przy Zionskirchplatz, w kinie Babylon przy Rosa-Luxemburg-Platz, w Minibarze na Antonplatz, i Salonie przy Moritzplatz.<\/p>\n\n\n\n<p>w Warszawie: w Konotece w Pa\u0142acu Kultury, w galerii Ma\u0142a Warszawa, w Centrum Edukacji Filmowej i w galerii Pardon, To Tu<\/p>\n\n\n\n<p>Projekt obj\u0119ty jest patronatem Miasta Sto\u0142ecznego Warszawy i realizowany przy wsparciu Fundacji Wsp\u00f3\u0142pracy Polsko-Niemieckiej oraz Kancelarii Senatu w Berlinie.<\/p>\n\n\n<p><blockquote class=\"wp-embedded-content\" data-secret=\"X8mRtTWB8t\"><a href=\"https:\/\/610-filmfestival.eu\/\">Aktuelles<\/a><\/blockquote><iframe loading=\"lazy\" class=\"wp-embedded-content\" sandbox=\"allow-scripts\" security=\"restricted\" style=\"position: absolute; clip: rect(1px, 1px, 1px, 1px);\" title=\"&#8222;Aktuelles&#8220; &#8212; 610  - Berlin - Warszawa\" src=\"https:\/\/610-filmfestival.eu\/embed\/#?secret=e0n9LfM5CG#?secret=X8mRtTWB8t\" data-secret=\"X8mRtTWB8t\" width=\"525\" height=\"296\" frameborder=\"0\" marginwidth=\"0\" marginheight=\"0\" scrolling=\"no\"><\/iframe><\/p>\n\n\n<p><a href=\"https:\/\/bit.ly\/Festiwal-Filmowy-610-Berlin-Warszawa\">https:\/\/bit.ly\/Festiwal-Filmowy-610-Berlin-Warszawa<\/a><\/p>\n\n\n\n<figure class=\"wp-block-image\"><img loading=\"lazy\" decoding=\"async\" width=\"300\" height=\"151\" src=\"http:\/\/610-filmfestival.eu\/wp-content\/uploads\/2021\/08\/FWPN_rgb-300x151.png\" alt=\"\" class=\"wp-image-205\" srcset=\"https:\/\/610-filmfestival.eu\/wp-content\/uploads\/2021\/08\/FWPN_rgb-300x151.png 300w, https:\/\/610-filmfestival.eu\/wp-content\/uploads\/2021\/08\/FWPN_rgb-1024x515.png 1024w, https:\/\/610-filmfestival.eu\/wp-content\/uploads\/2021\/08\/FWPN_rgb-768x386.png 768w, https:\/\/610-filmfestival.eu\/wp-content\/uploads\/2021\/08\/FWPN_rgb-1536x772.png 1536w, https:\/\/610-filmfestival.eu\/wp-content\/uploads\/2021\/08\/FWPN_rgb-2048x1030.png 2048w\" sizes=\"auto, (max-width: 300px) 100vw, 300px\" \/><\/figure>\n\n\n\n<figure class=\"wp-block-image\"><img loading=\"lazy\" decoding=\"async\" width=\"300\" height=\"100\" src=\"http:\/\/610-filmfestival.eu\/wp-content\/uploads\/2021\/08\/logo_berlin_m_srgb-300x100.png\" alt=\"\" class=\"wp-image-206\" srcset=\"https:\/\/610-filmfestival.eu\/wp-content\/uploads\/2021\/08\/logo_berlin_m_srgb-300x100.png 300w, https:\/\/610-filmfestival.eu\/wp-content\/uploads\/2021\/08\/logo_berlin_m_srgb-768x256.png 768w, https:\/\/610-filmfestival.eu\/wp-content\/uploads\/2021\/08\/logo_berlin_m_srgb.png 850w\" sizes=\"auto, (max-width: 300px) 100vw, 300px\" \/><\/figure>","protected":false},"excerpt":{"rendered":"<p>610 \u2013 PROGRAM 2021 Kinoteka: http:\/\/kinoteka.pl 25.08. &#8211; 20:30Notes of BerlinR: Marjejosephin Schneider 26.08. &#8211; 20:30Nackte TiereR: Melanie Welde 27.08. &#8211; 20:30GiraffeR: Anna Sofie Hartmann 28.08. &#8211; 20:30SunburnedR: Carolina Hallsgard CKF: https:\/\/ckf.waw.pl\/ 29.08. &#8211; 20:30KokonR: Leoni Kripendorf 30.08. &#8211; 20:30Futur 3R: Franz Shariat 01.09. &#8211; 20:303. German Love \u2013 Kurzfilmprogramm Hot DogR: Marleen Mayr, Alma &hellip; <\/p>\n<p class=\"link-more\"><a href=\"https:\/\/610-filmfestival.eu\/pl\/archiv\/\" class=\"more-link\">Czytaj dalej<span class=\"screen-reader-text\"> \u201eArchiwum\u201d<\/span><\/a><\/p>\n","protected":false},"author":1,"featured_media":0,"parent":0,"menu_order":0,"comment_status":"closed","ping_status":"closed","template":"","meta":{"footnotes":""},"class_list":["post-210","page","type-page","status-publish","hentry"],"_links":{"self":[{"href":"https:\/\/610-filmfestival.eu\/pl\/wp-json\/wp\/v2\/pages\/210","targetHints":{"allow":["GET"]}}],"collection":[{"href":"https:\/\/610-filmfestival.eu\/pl\/wp-json\/wp\/v2\/pages"}],"about":[{"href":"https:\/\/610-filmfestival.eu\/pl\/wp-json\/wp\/v2\/types\/page"}],"author":[{"embeddable":true,"href":"https:\/\/610-filmfestival.eu\/pl\/wp-json\/wp\/v2\/users\/1"}],"replies":[{"embeddable":true,"href":"https:\/\/610-filmfestival.eu\/pl\/wp-json\/wp\/v2\/comments?post=210"}],"version-history":[{"count":5,"href":"https:\/\/610-filmfestival.eu\/pl\/wp-json\/wp\/v2\/pages\/210\/revisions"}],"predecessor-version":[{"id":256,"href":"https:\/\/610-filmfestival.eu\/pl\/wp-json\/wp\/v2\/pages\/210\/revisions\/256"}],"wp:attachment":[{"href":"https:\/\/610-filmfestival.eu\/pl\/wp-json\/wp\/v2\/media?parent=210"}],"curies":[{"name":"wp","href":"https:\/\/api.w.org\/{rel}","templated":true}]}}